{"id":4275,"date":"2020-09-06T17:19:33","date_gmt":"2020-09-06T15:19:33","guid":{"rendered":"https:\/\/praxis-handrick.de\/web\/imprint\/"},"modified":"2024-05-31T23:33:50","modified_gmt":"2024-05-31T21:33:50","slug":"imprint","status":"publish","type":"page","link":"https:\/\/praxis-handrick.de\/en\/imprint\/","title":{"rendered":"Imprint\/Disclaimer"},"content":{"rendered":"<div class=\"wpb-content-wrapper\"><p>[vc_row][vc_column][vc_empty_space height=&#8221;64px&#8221;][vc_custom_heading text=&#8221;Imprint\/Disclaimer&#8221; font_container=&#8221;tag:h1|text_align:left&#8221; use_theme_fonts=&#8221;yes&#8221;][vc_empty_space][vc_column_text]To go to a section, click the respective link:<\/p>\n<p><i class=\"fa fa-angle-double-right\"><\/i> <a href=\"#imprint\">Imprint<\/a><br \/>\n<i class=\"fa fa-angle-double-right\"><\/i> <a href=\"#implementation\">Implementation<\/a><br \/>\n<i class=\"fa fa-angle-double-right\"><\/i> <a href=\"#copyright\">Copyright for images<\/a><br \/>\n<i class=\"fa fa-angle-double-right\"><\/i> <a href=\"#disclaimer\">Disclaimer<\/a>[\/vc_column_text][vc_column_text]<strong>Dr. med. Christiane Handrick<\/strong><br \/>\nFach\u00e4rztin f\u00fcr Dermatologie und Geschlechtskrankheiten<\/p>\n<p>Marienstra\u00dfe 25<br \/>\n10117 Berlin<br \/>\nGermany<\/p>\n<p>Phone: +49 (0)30 24 11 03 1<br \/>\nFax:\u00a0+49 (0)30 24 63 17 56<\/p>\n<p>&nbsp;<\/p>\n<h4>Tax Registration Number<\/h4>\n<p>Tax Registration Number according to \u00a727a Umsatzsteuergesetz: DE24 23 26 119[\/vc_column_text][vc_empty_space][vc_separator][vc_column_text css=&#8221;&#8221;]<\/p>\n<h4>Responsible regional chamber of physicians<\/h4>\n<p>Berlin Chamber of Physicians<br \/>\nFriedrichstr. 16<br \/>\n10969 Berlin<br \/>\nGermany<\/p>\n<p>Phone: +49 (0)30 40 80 6-0<br \/>\nFax: +49 (0)30 40 80 6-125<br \/>\nE-mail: kammer@aerztekammer-berlin.de<br \/>\n<a href=\"https:\/\/www.aerztekammer-berlin.de\/\">www.aerztekammer-berlin.de<\/a><\/p>\n<p>&nbsp;<\/p>\n<h4>Responsible regional association of statutory health insurance (SHI) physicians<\/h4>\n<p>KV Berlin<br \/>\nMasurenallee 6A<br \/>\n14057 Berlin<br \/>\nGermany<\/p>\n<p>Phone: +49 (0)30 31003-0<br \/>\nE-mail: kvbe@kvberlin.de<br \/>\n<a href=\"https:\/\/www.kvberlin.de\/\">www.kvberlin.de<\/a><\/p>\n<p>&nbsp;<\/p>\n<h4>Occupational title<\/h4>\n<p><strong>Dr. med. Christiane Handrick<\/strong><br \/>\nFach\u00e4rztin f\u00fcr Haut- und Geschlechtskrankheiten,<br \/>\ngranted by the Brandenburg Chamber of Physicians (Landes\u00e4rztekammer Brandenburg)<\/p>\n<p>&nbsp;<\/p>\n<h4>Medical Association&#8217;s professional code of conduct<\/h4>\n<p><a href=\"https:\/\/www.aerztekammer-berlin.de\/10arzt\/30_Berufsrecht\/06_Rechtsgrundlagen\/30_Berufsrecht\/Berufsordnung.pdf\">Professional code of conduct of the Berlin Chamber of Physicians (PDF, German)<\/a><br \/>\n<a href=\"https:\/\/www.aerztekammer-berlin.de\">www.aerztekammer-berlin.de<\/a><\/p>\n<p>&nbsp;<\/p>\n<h4>Responsible person with regard to content<\/h4>\n<p>(according to \u00a7 18 para. 2 MStV and \u00a7 5 para. 1 TMG)<br \/>\nDr. med. Christiane Handrick, Marienstra\u00dfe 25, 10117 Berlin, Germany[\/vc_column_text][vc_empty_space][vc_column_text]<\/p>\n<div id=\"implementation\"><\/div>\n<p>[\/vc_column_text][vc_separator][\/vc_column][\/vc_row][vc_row][vc_column][vc_column_text css=&#8221;&#8221;]<\/p>\n<h3>Concept, design,<br \/>\ncoding and administration<\/h3>\n<p>of the website www.praxis-handrick.de  <\/p>\n<p>&nbsp;<\/p>\n<p><strong>Wolfgang Senges<\/strong><br \/>\n<a href=\"https:\/\/www.contentsphere.de\">www.contentsphere.de<\/a> <\/p>\n<p>based upon <a class=\"\" href=\"https:\/\/1.envato.market\/KYm9a\" target=\"_blank\" rel=\"noopener noreferrer\">Kalium Medical Theme<\/a>: \u00a9 2020 by <a class=\"\" href=\"https:\/\/laborator.co\" target=\"_blank\" rel=\"noopener noreferrer\">Laborator<\/a> &#8211; All rights reserved.<\/p>\n<p>Except for:<\/p>\n<ul>\n<li>iFrame CGM LIFE eSERVICES (Compugroup Medical Deutschland AG)<\/li>\n<li>CGM CLICKDOC application (CGM Mobile Services GmbH)<\/li>\n<li>CGM ELVI Video consultations application (La-Well Systems GmbH \/ ein Unternehmen der CompuGroup Medical Deutschland AG)<\/li>\n<\/ul>\n<p>[\/vc_column_text][vc_empty_space][vc_column_text]<\/p>\n<div id=\"copyright\"><\/div>\n<p>[\/vc_column_text][vc_separator][\/vc_column][\/vc_row][vc_row][vc_column][vc_column_text css=&#8221;&#8221;]<\/p>\n<h3 id=\"copyright\">Copyright for images<\/h3>\n<p>&nbsp;<\/p>\n<p><strong>Logo<\/strong><\/p>\n<p>Design by Clemens Dittmer.<\/p>\n<p>&nbsp;<\/p>\n<p><strong>Text<\/strong><\/p>\n<p>\u00a9 Dr. med. Christiane Handrick. All rights reserved. \u00a0 <\/p>\n<p>&nbsp;<\/p>\n<p><strong>Street map<\/strong><\/p>\n<p>Compiled by Volker Dittmer.<\/p>\n<p>&nbsp;<\/p>\n<p><strong>Images<\/strong><\/p>\n<p>If not marked otherwise, all photos taken by photographs on <a href=\"https:\/\/www.pexels.com\">Pexels<\/a>\u00a0which have been used on the website are subject to a\u00a0<a href=\"https:\/\/www.pexels.com\/license\/\"><em>free-to-use-<\/em>, <em>no-attribution-<\/em>, <em>derivatives-allowed<\/em><\/a>\u00a0licence.<\/p>\n<p>&nbsp;<\/p>\n<p>+ Homepage (slider)<\/p>\n<ul>\n<li>Portrait Dr Christiane Handrick, MD, Marienstrasse &#8211; \u00a9 Photo by\u00a0<a href=\"https:\/\/www.studio10117.de\">Frank N\u00fcrnberger | Studio 10117<\/a>. All rights reserved.<\/li>\n<li>The waiting room at the practice of Dr Handrick &#8211; \u00a9 Dr. med. Christiane Handrick. All rights reserved.<\/li>\n<li>The reception\u00a0at the practice of Dr Handrick &#8211;\u00a0\u00a9 Photo by\u00a0<a href=\"http:\/\/www.gesundheitsbauten.de\">Architekten + Ingenieure Kaufmann und Schneider Berlin<\/a>. All rights reserved.<\/li>\n<\/ul>\n<p>&nbsp;<\/p>\n<p>+ About us<\/p>\n<ul>\n<li>Our practice: all photos &#8211; \u00a9 Dr. med. Christiane Handrick. All rights reserved.<\/li>\n<li>Portrait Dr Christiane Handrick, MD, dark background &#8211; \u00a9 Photo by <a href=\"https:\/\/www.studio10117.de\">Frank N\u00fcrnberger | Studio 10117<\/a>. All rights reserved.<\/li>\n<\/ul>\n<p>&nbsp;<\/p>\n<p>+ Services (preview images)<\/p>\n<ul>\n<li>Out-patient surgery:\u00a0<a href=\"https:\/\/www.pexels.com\/photo\/person-in-white-long-sleeve-shirt-holding-injection-3985166\/\">&#8220;Person in white long sleeve shirt holding injection&#8221;<\/a> &#8211; Photo by <a href=\"https:\/\/www.pexels.com\/@gustavo-fring\">Gustavo Fring<\/a>\u00a0|\u00a0<a href=\"https:\/\/www.pexels.com\">Pexels<\/a>.<\/li>\n<li>Allergology: &#8220;Dandelion&#8221; &#8211; \u00a9 Photo by <a href=\"https:\/\/www.contentsphere.de\">Wolfgang Senges<\/a>. All rights reserved.<\/li>\n<li>Skin screenings: <a href=\"https:\/\/www.pexels.com\/photo\/close-up-view-of-a-person-s-skin-4046561\/\">&#8220;Close-up view of a person&#8217;s skin&#8221;<\/a> &#8211; Photo by\u00a0<a href=\"https:\/\/www.pexels.com\/@karolina-grabowska\">Karolina Grabowska<\/a>\u00a0|\u00a0<a href=\"https:\/\/www.pexels.com\">Pexels<\/a>.<\/li>\n<li>Occupational dermatology: <a href=\"https:\/\/www.pexels.com\/photo\/person-wearing-black-gloves-making-nails-3997390\/\">&#8220;Person wearing black gloves making nails&#8221;<\/a> &#8211; Photo by <a href=\"https:\/\/www.pexels.com\/@cottonbro\">cottonbro<\/a>\u00a0|\u00a0<a href=\"https:\/\/www.pexels.com\">Pexels<\/a>.<\/li>\n<li>Psoriasis and atopic dermatitis: <a href=\"https:\/\/www.pexels.com\/photo\/close-up-photo-of-a-person-s-hand-scratching-on-his-flaky-skin-in-black-and-white-3219517\/\">&#8220;Close-up photo of a person&#8217;s hand scratching on his flaky skin in black and white&#8221;<\/a> &#8211; Photo by <a href=\"https:\/\/www.pexels.com\/@kristinanor\">Kristina Nor<\/a> | <a href=\"https:\/\/www.pexels.com\">Pexels<\/a>.<\/li>\n<li>Acne and rosacea: <a href=\"https:\/\/www.pexels.com\/photo\/nature-love-flowers-plant-65619\/\">&#8220;Pink Rose&#8221;<\/a> &#8211; Photo under\u00a0<a href=\"https:\/\/creativecommons.org\/publicdomain\/zero\/1.0\/deed.en\">CC0 licence<\/a> by <a href=\"https:\/\/www.pexels.com\/@pixabay\">Pixabay<\/a> | <a href=\"https:\/\/www.pexels.com\/\">Pexels<\/a>.<\/li>\n<li>Re-juvenation therapy: <a href=\"https:\/\/www.pexels.com\/photo\/man-s-half-face-photo-167669\/\">&#8220;Man&#8217;s half face photo&#8221;<\/a> &#8211; Photo by <a href=\"https:\/\/www.pexels.com\/@seeracreative\">Travis Seera<\/a>\u00a0|\u00a0<a href=\"https:\/\/www.pexels.com\/\">Pexels<\/a>.<\/li>\n<li>Lip augmentation: <a href=\"https:\/\/www.pexels.com\/photo\/woman-with-pink-lipstick-smiling-3762410\/\">&#8220;Woman with pink lipstick smiling&#8221;<\/a>\u00a0&#8211; Photo by\u00a0<a href=\"https:\/\/www.pexels.com\/@shiny-diamond\">Shiny Diamond<\/a> |\u00a0<a href=\"https:\/\/www.pexels.com\/\">Pexels<\/a>.<\/li>\n<li>Peelings: <a href=\"https:\/\/www.pexels.com\/photo\/happy-tattooed-woman-in-peel-off-mask-3851914\/\">&#8220;Happy tattooed woman in peel-off mask&#8221;<\/a> &#8211; Photo by\u00a0<a href=\"https:\/\/www.pexels.com\/@shvetsa\">Anna Shvets<\/a> | <a href=\"https:\/\/www.pexels.com\/\">Pexels<\/a>.<\/li>\n<li>Acne treatment: <a href=\"https:\/\/www.flickr.com\/photos\/saludaudea\/5118106617\">&#8220;ACNE&#8221;<\/a> &#8211; Photo under\u00a0<a href=\"https:\/\/creativecommons.org\/licenses\/by-sa\/2.0\/deed.de\">CC BY-SA 2.0 licence<\/a> by <a href=\"https:\/\/www.flickr.com\/photos\/saludaudea\/\">Saluda Programa de Salud<\/a> | <a href=\"https:\/\/www.flickr.com\">flickr<\/a>.<\/li>\n<\/ul>\n<p>&nbsp;<\/p>\n<p>+ Services (images on pages)<\/p>\n<ul>\n<li>Out-patient surgery: <a href=\"https:\/\/www.pexels.com\/photo\/person-in-white-long-sleeve-shirt-holding-injection-3985166\/\">&#8220;Person in white long sleeve shirt holding injection&#8221;<\/a> &#8211; Photo by <a href=\"https:\/\/www.pexels.com\/@gustavo-fring\">Gustavo Fring<\/a>\u00a0|\u00a0<a href=\"https:\/\/www.pexels.com\/\">Pexels<\/a>.<\/li>\n<li>Allergology: <a href=\"https:\/\/www.pexels.com\/photo\/background-backlight-blur-color-262713\/\">&#8220;Background backlight blur color&#8221;<\/a> &#8211; Photo under\u00a0<a href=\"https:\/\/creativecommons.org\/publicdomain\/zero\/1.0\/deed.en\">CC0 licence<\/a> by\u00a0<a href=\"https:\/\/www.pexels.com\/@pixabay\">Pixabay<\/a> | <a href=\"https:\/\/www.pexels.com\/\">Pexels<\/a>.<\/li>\n<li>Skin screenings: <a href=\"https:\/\/www.pexels.com\/photo\/hand-palm-close-up-photo-4046682\/\">&#8220;Hand palm close-up photo&#8221;<\/a> &#8211;\u00a0Photo by <a href=\"https:\/\/www.pexels.com\/@karolina-grabowska\">Karolina Grabowska<\/a>\u00a0|\u00a0<a href=\"https:\/\/www.pexels.com\/\">Pexels<\/a>.<\/li>\n<li>Occupational dermatology: <a href=\"https:\/\/www.pexels.com\/photo\/faceless-laboratory-technician-conducting-chemical-test-3825368\/\">&#8220;Faceless laboratory technician conducting chemical test&#8221;<\/a> &#8211; Photo by <a href=\"https:\/\/www.pexels.com\/@rethaferguson\">Retha Ferguson<\/a> | <a href=\"https:\/\/www.pexels.com\/\">Pexels<\/a>.<\/li>\n<li>Psoriasis and atopic dermatitis: <a href=\"https:\/\/www.flickr.com\/photos\/acrcc\/7007333386\">&#8220;big head carp scales&#8221;<\/a> &#8211; Photo under <a class=\"\" href=\"https:\/\/creativecommons.org\/licenses\/by\/2.0\/deed.en\">CC BY 2.0 licence<\/a> by <a href=\"https:\/\/www.flickr.com\/photos\/acrcc\/\">Asia Carp Regional Coordinating Committee<\/a> | <a href=\"https:\/\/www.flickr.com\">flickr<\/a>.<\/li>\n<li>Acne and rosacea: Collage by Wolfgang Senges using\n<ul>\n<li><a href=\"https:\/\/www.pexels.com\/photo\/woman-s-face-3373716\/\">&#8220;Woman&#8217;s Face&#8221;<\/a>\u00a0&#8211; Photo by <a href=\"https:\/\/www.pexels.com\/@shiny-diamond\">Shiny Diamond<\/a> | <a href=\"https:\/\/www.pexels.com\/\">Pexels<\/a>\u00a0and<\/li>\n<li><a href=\"https:\/\/www.pexels.com\/photo\/nature-love-flowers-plant-65619\/\">&#8220;Pink Rose&#8221;<\/a>\u00a0&#8211; Photo under\u00a0<a href=\"https:\/\/creativecommons.org\/publicdomain\/zero\/1.0\/deed.en\">CC0 licence<\/a> by <a href=\"https:\/\/www.pexels.com\/@pixabay\">Pixabay<\/a> | <a href=\"https:\/\/www.pexels.com\/\">Pexels<\/a>\u00a0.<\/li>\n<\/ul>\n<\/li>\n<li>Re-juvenation therapy: <a href=\"https:\/\/www.pexels.com\/photo\/woman-smiling-with-nose-piercing-1903791\/\">&#8220;Woman smiling with nose piercing&#8221;<\/a> &#8211; Photo by <a href=\"https:\/\/www.pexels.com\/@anderson-miranda\">Anderson Miranda<\/a>\u00a0| <a href=\"https:\/\/www.pexels.com\/\">Pexels<\/a>.<\/li>\n<li>Lip augmentation: <a href=\"https:\/\/www.pexels.com\/photo\/woman-with-pink-lipstick-smiling-3762410\/\">&#8220;Woman with pink lipstick smiling&#8221;<\/a> &#8211; Photo by\u00a0<a href=\"https:\/\/www.pexels.com\/@shiny-diamond\">Shiny Diamond<\/a> |\u00a0<a href=\"https:\/\/www.pexels.com\/\">Pexels<\/a>.<\/li>\n<li>Peelings: <a href=\"https:\/\/www.pexels.com\/photo\/cheerful-women-with-masks-on-face-3851678\/\">&#8220;Cheerful women with masks on face&#8221;<\/a> &#8211; Photo by\u00a0<a href=\"https:\/\/www.pexels.com\/@shvetsa\">Anna Shvets<\/a> |\u00a0<a href=\"https:\/\/www.pexels.com\/\">Pexels<\/a>.<\/li>\n<li>Acne treatment: <a href=\"https:\/\/www.pexels.com\/photo\/woman-in-white-long-sleeve-shirt-4004470\/\">&#8220;Woman in White Long Sleeve Shirt&#8221;<\/a>\u00a0&#8211; Photo by\u00a0<a href=\"https:\/\/www.pexels.com\/@cottonbro\">cottonbro<\/a> | <a href=\"https:\/\/www.pexels.com\/\">Pexels<\/a>.<\/li>\n<\/ul>\n<p>&nbsp;<\/p>\n<p><strong>Image editing<\/strong> <\/p>\n<div id=\"disclaimer\"><\/div>\n<p> Wolfgang Senges<br \/>\n<a href=\"https:\/\/www.contentsphere.de\">www.contentsphere.de<\/a>[\/vc_column_text][vc_empty_space][vc_column_text]<\/p>\n<div id=\"disclaimer\"><\/div>\n<p>[\/vc_column_text][vc_separator][\/vc_column][\/vc_row][vc_row][vc_column][vc_custom_heading text=&#8221;Disclaimer &#8211; legal information&#8221; use_theme_fonts=&#8221;yes&#8221;][vc_empty_space][vc_empty_space][vc_column_text el_id=&#8221;disclaimer&#8221;]<\/p>\n<h4>\u00a7 1 Warning regarding contents<\/h4>\n<p>The free and openly accessible contents of this website were created with the greatest possible care. However, the provider of this website does not guarantee the correctness and topicality of the free and openly accessible journalistic advice and news provided. Contributions marked by name reflect the opinion of the respective author and not always the opinion of the provider. Merely by calling up the free and openly accessible content, no contractual relationship is established between the user and the provider; in this respect, the provider\u2019s will to be legally bound is lacking.<\/p>\n<p>&nbsp;<\/p>\n<h4>\u00a7 2 External links<\/h4>\n<p>This website contains links to third-party websites (\u201cexternal links\u201d). These websites are subject to the liability of the respective operators. When the external links were first linked, the provider checked the third-party content for any legal violations. At that time, no legal violations were apparent. The provider has no influence on the current and future design and content of the linked sites. The inclusion of external links does not mean that the provider adopts the content behind the reference or link as his own. Constant monitoring of the external links is not reasonable for the provider without concrete evidence of legal violations. With knowledge of legal violations, such external links will be deleted immediately.<\/p>\n<p>&nbsp;<\/p>\n<h4>\u00a7 3 Copyright and ancillary copyrights<\/h4>\n<p>The content published on this website is subject to German copyright and ancillary copyright law. Any use not permitted by German copyright and ancillary copyright law requires the prior written consent of the provider or the respective rights holder. This applies in particular to the duplication, editing, translation, storage, processing or reproduction of contents in databases or other electronic media and systems. Contents and rights of third parties are marked as such. Unauthorised reproduction or distribution of individual content or complete pages is not permitted and is punishable by law. Only the production of copies and downloads for personal, private and non-commercial use is permitted.<\/p>\n<p>For the content used via Creative Commons licences (<a href=\"https:\/\/creativecommons.org\/publicdomain\/zero\/1.0\/deed.en\">CC0<\/a>, <a href=\"https:\/\/creativecommons.org\/licenses\/by-sa\/2.0\/deed.en\">CC BY-SA 2.0<\/a>, <a href=\"https:\/\/creativecommons.org\/licenses\/by\/2.0\/deed.en\">CC BY 2.0<\/a>), the terms and conditions linked to the respective title apply.<\/p>\n<p>For content provided by the Pexels.com platform that is not subject to a Creative Commons licence, the <a href=\"https:\/\/www.pexels.com\/license\/\">conditions described by Pexels.com apply<\/a>: Photos may be used and edited free of charge and without mentioning the copyright. The attribution of authors is voluntary.<\/p>\n<p>The presentation of this website in external frames is only permitted with written permission.<\/p>\n<p>&nbsp;<\/p>\n<h4>\u00a7 4 Special terms of use<\/h4>\n<p>Insofar as special conditions for individual uses of this website deviate from the paragraphs mentioned above, this will be expressly pointed out at the appropriate place. In this case, the special terms of use apply in the respective individual case.<\/p>\n<p>&nbsp;<\/p>\n<p><em>Source: <a href=\"https:\/\/www.juraforum.de\/impressum-generator\/\">Imprint template from JuraForum.de<\/a><\/em><br \/>\n<em>Translation by <a href=\"https:\/\/www.deepl.com\">DeepL<\/a>, edited by Wolfgang Senges and <a href=\"https:\/\/www.grammarly.com\">Grammarly<\/a><\/em>[\/vc_column_text][\/vc_column][\/vc_row]<\/p>\n<\/div>","protected":false},"excerpt":{"rendered":"<p>[vc_row][vc_column][vc_empty_space height=&#8221;64px&#8221;][vc_custom_heading text=&#8221;Imprint\/Disclaimer&#8221; font_container=&#8221;tag:h1|text_align:left&#8221; use_theme_fonts=&#8221;yes&#8221;][vc_empty_space][vc_column_text]To go to a section, click the respective link: Imprint Implementation Copyright for images Disclaimer[\/vc_column_text][vc_column_text]Dr. med. Christiane Handrick Fach\u00e4rztin f\u00fcr Dermatologie und Geschlechtskrankheiten Marienstra\u00dfe 25 10117 Berlin Germany Phone: +49 (0)30 24 11 03 1 Fax:\u00a0+49 (0)30 24 63 17 56 &nbsp; Tax Registration Number Tax Registration Number according to \u00a727a&hellip;<\/p>\n","protected":false},"author":1,"featured_media":0,"parent":0,"menu_order":0,"comment_status":"closed","ping_status":"closed","template":"","meta":{"_acf_changed":false,"footnotes":""},"class_list":["post-4275","page","type-page","status-publish","hentry"],"acf":[],"yoast_head":"<!-- This site is optimized with the Yoast SEO plugin v27.2 - https:\/\/yoast.com\/product\/yoast-seo-wordpress\/ -->\n<title>Imprint\/Disclaimer &#8211; Dermatologische Praxis Dr. med. Christiane Handrick<\/title>\n<meta name=\"description\" content=\"Die Praxis f\u00fcr Haut- und Geschlechtskrankheiten von Dr. med. Christiane Handrick in Berlin-Mitte bietet moderne und umfassende dermatologische Behandlungsmethoden.\" \/>\n<meta name=\"robots\" content=\"index, follow, max-snippet:-1, max-image-preview:large, max-video-preview:-1\" \/>\n<link rel=\"canonical\" href=\"https:\/\/praxis-handrick.de\/en\/imprint\/\" \/>\n<meta property=\"og:locale\" content=\"en_US\" \/>\n<meta property=\"og:type\" content=\"article\" \/>\n<meta property=\"og:title\" content=\"Imprint\/Disclaimer &#8211; Dermatologische Praxis Dr. med. Christiane Handrick\" \/>\n<meta property=\"og:description\" content=\"Die Praxis f\u00fcr Haut- und Geschlechtskrankheiten von Dr. med. Christiane Handrick in Berlin-Mitte bietet moderne und umfassende dermatologische Behandlungsmethoden.\" \/>\n<meta property=\"og:url\" content=\"https:\/\/praxis-handrick.de\/en\/imprint\/\" \/>\n<meta property=\"og:site_name\" content=\"Dermatologische Praxis Dr. med. Christiane Handrick\" \/>\n<meta property=\"article:modified_time\" content=\"2024-05-31T21:33:50+00:00\" \/>\n<meta name=\"twitter:card\" content=\"summary_large_image\" \/>\n<script type=\"application\/ld+json\" class=\"yoast-schema-graph\">{\"@context\":\"https:\/\/schema.org\",\"@graph\":[{\"@type\":[\"WebPage\",\"AboutPage\"],\"@id\":\"https:\/\/praxis-handrick.de\/en\/imprint\/\",\"url\":\"https:\/\/praxis-handrick.de\/en\/imprint\/\",\"name\":\"Imprint\/Disclaimer &#8211; Dermatologische Praxis Dr. med. Christiane Handrick\",\"isPartOf\":{\"@id\":\"https:\/\/praxis-handrick.de\/en\/#website\"},\"datePublished\":\"2020-09-06T15:19:33+00:00\",\"dateModified\":\"2024-05-31T21:33:50+00:00\",\"description\":\"Die Praxis f\u00fcr Haut- und Geschlechtskrankheiten von Dr. med. Christiane Handrick in Berlin-Mitte bietet moderne und umfassende dermatologische Behandlungsmethoden.\",\"breadcrumb\":{\"@id\":\"https:\/\/praxis-handrick.de\/en\/imprint\/#breadcrumb\"},\"inLanguage\":\"en-US\",\"potentialAction\":[{\"@type\":\"ReadAction\",\"target\":[\"https:\/\/praxis-handrick.de\/en\/imprint\/\"]}]},{\"@type\":\"BreadcrumbList\",\"@id\":\"https:\/\/praxis-handrick.de\/en\/imprint\/#breadcrumb\",\"itemListElement\":[{\"@type\":\"ListItem\",\"position\":1,\"name\":\"Startseite\",\"item\":\"https:\/\/praxis-handrick.de\/en\/\"},{\"@type\":\"ListItem\",\"position\":2,\"name\":\"Imprint\/Disclaimer\"}]},{\"@type\":\"WebSite\",\"@id\":\"https:\/\/praxis-handrick.de\/en\/#website\",\"url\":\"https:\/\/praxis-handrick.de\/en\/\",\"name\":\"Dermatologische Praxis Dr. med. Christiane Handrick\",\"description\":\"Praxis f\u00fcr Haut- und Geschlechtskrankheiten in Berlin\",\"publisher\":{\"@id\":\"https:\/\/praxis-handrick.de\/en\/#\/schema\/person\/5d8f8b0028abfb55e5e72d6c6af2b7a4\"},\"potentialAction\":[{\"@type\":\"SearchAction\",\"target\":{\"@type\":\"EntryPoint\",\"urlTemplate\":\"https:\/\/praxis-handrick.de\/en\/?s={search_term_string}\"},\"query-input\":{\"@type\":\"PropertyValueSpecification\",\"valueRequired\":true,\"valueName\":\"search_term_string\"}}],\"inLanguage\":\"en-US\"},{\"@type\":[\"Person\",\"Organization\"],\"@id\":\"https:\/\/praxis-handrick.de\/en\/#\/schema\/person\/5d8f8b0028abfb55e5e72d6c6af2b7a4\",\"name\":\"Christiane Handrick\",\"logo\":{\"@id\":\"https:\/\/praxis-handrick.de\/en\/#\/schema\/person\/image\/\"}}]}<\/script>\n<!-- \/ Yoast SEO plugin. -->","yoast_head_json":{"title":"Imprint\/Disclaimer &#8211; Dermatologische Praxis Dr. med. Christiane Handrick","description":"Die Praxis f\u00fcr Haut- und Geschlechtskrankheiten von Dr. med. Christiane Handrick in Berlin-Mitte bietet moderne und umfassende dermatologische Behandlungsmethoden.","robots":{"index":"index","follow":"follow","max-snippet":"max-snippet:-1","max-image-preview":"max-image-preview:large","max-video-preview":"max-video-preview:-1"},"canonical":"https:\/\/praxis-handrick.de\/en\/imprint\/","og_locale":"en_US","og_type":"article","og_title":"Imprint\/Disclaimer &#8211; Dermatologische Praxis Dr. med. Christiane Handrick","og_description":"Die Praxis f\u00fcr Haut- und Geschlechtskrankheiten von Dr. med. Christiane Handrick in Berlin-Mitte bietet moderne und umfassende dermatologische Behandlungsmethoden.","og_url":"https:\/\/praxis-handrick.de\/en\/imprint\/","og_site_name":"Dermatologische Praxis Dr. med. Christiane Handrick","article_modified_time":"2024-05-31T21:33:50+00:00","twitter_card":"summary_large_image","schema":{"@context":"https:\/\/schema.org","@graph":[{"@type":["WebPage","AboutPage"],"@id":"https:\/\/praxis-handrick.de\/en\/imprint\/","url":"https:\/\/praxis-handrick.de\/en\/imprint\/","name":"Imprint\/Disclaimer &#8211; Dermatologische Praxis Dr. med. Christiane Handrick","isPartOf":{"@id":"https:\/\/praxis-handrick.de\/en\/#website"},"datePublished":"2020-09-06T15:19:33+00:00","dateModified":"2024-05-31T21:33:50+00:00","description":"Die Praxis f\u00fcr Haut- und Geschlechtskrankheiten von Dr. med. Christiane Handrick in Berlin-Mitte bietet moderne und umfassende dermatologische Behandlungsmethoden.","breadcrumb":{"@id":"https:\/\/praxis-handrick.de\/en\/imprint\/#breadcrumb"},"inLanguage":"en-US","potentialAction":[{"@type":"ReadAction","target":["https:\/\/praxis-handrick.de\/en\/imprint\/"]}]},{"@type":"BreadcrumbList","@id":"https:\/\/praxis-handrick.de\/en\/imprint\/#breadcrumb","itemListElement":[{"@type":"ListItem","position":1,"name":"Startseite","item":"https:\/\/praxis-handrick.de\/en\/"},{"@type":"ListItem","position":2,"name":"Imprint\/Disclaimer"}]},{"@type":"WebSite","@id":"https:\/\/praxis-handrick.de\/en\/#website","url":"https:\/\/praxis-handrick.de\/en\/","name":"Dermatologische Praxis Dr. med. Christiane Handrick","description":"Praxis f\u00fcr Haut- und Geschlechtskrankheiten in Berlin","publisher":{"@id":"https:\/\/praxis-handrick.de\/en\/#\/schema\/person\/5d8f8b0028abfb55e5e72d6c6af2b7a4"},"potentialAction":[{"@type":"SearchAction","target":{"@type":"EntryPoint","urlTemplate":"https:\/\/praxis-handrick.de\/en\/?s={search_term_string}"},"query-input":{"@type":"PropertyValueSpecification","valueRequired":true,"valueName":"search_term_string"}}],"inLanguage":"en-US"},{"@type":["Person","Organization"],"@id":"https:\/\/praxis-handrick.de\/en\/#\/schema\/person\/5d8f8b0028abfb55e5e72d6c6af2b7a4","name":"Christiane Handrick","logo":{"@id":"https:\/\/praxis-handrick.de\/en\/#\/schema\/person\/image\/"}}]}},"_links":{"self":[{"href":"https:\/\/praxis-handrick.de\/en\/wp-json\/wp\/v2\/pages\/4275","targetHints":{"allow":["GET"]}}],"collection":[{"href":"https:\/\/praxis-handrick.de\/en\/wp-json\/wp\/v2\/pages"}],"about":[{"href":"https:\/\/praxis-handrick.de\/en\/wp-json\/wp\/v2\/types\/page"}],"author":[{"embeddable":true,"href":"https:\/\/praxis-handrick.de\/en\/wp-json\/wp\/v2\/users\/1"}],"replies":[{"embeddable":true,"href":"https:\/\/praxis-handrick.de\/en\/wp-json\/wp\/v2\/comments?post=4275"}],"version-history":[{"count":57,"href":"https:\/\/praxis-handrick.de\/en\/wp-json\/wp\/v2\/pages\/4275\/revisions"}],"predecessor-version":[{"id":5509,"href":"https:\/\/praxis-handrick.de\/en\/wp-json\/wp\/v2\/pages\/4275\/revisions\/5509"}],"wp:attachment":[{"href":"https:\/\/praxis-handrick.de\/en\/wp-json\/wp\/v2\/media?parent=4275"}],"curies":[{"name":"wp","href":"https:\/\/api.w.org\/{rel}","templated":true}]}}